{"id":1564,"date":"2021-12-07T13:19:33","date_gmt":"2021-12-07T13:19:33","guid":{"rendered":"https:\/\/idaflieg.de\/?page_id=1564"},"modified":"2025-02-26T12:19:12","modified_gmt":"2025-02-26T12:19:12","slug":"ueber-das-projekt","status":"publish","type":"page","link":"https:\/\/idaflieg.de\/?page_id=1564","title":{"rendered":"\u00dcber das Projekt"},"content":{"rendered":"\n<div class=\"wp-block-group\"><div class=\"wp-block-group__inner-container is-layout-flow wp-block-group-is-layout-flow\">\n<div class=\"wp-block-columns is-layout-flex wp-container-core-columns-is-layout-9d6595d7 wp-block-columns-is-layout-flex\">\n<div class=\"wp-block-column is-layout-flow wp-block-column-is-layout-flow\" style=\"flex-basis:100%\">\n<div class=\"wp-block-columns is-layout-flex wp-container-core-columns-is-layout-9d6595d7 wp-block-columns-is-layout-flex\">\n<div class=\"wp-block-column is-layout-flow wp-block-column-is-layout-flow\" style=\"flex-basis:66.66%\">\n<p>Die Idaflieg als Dachverband der Akademischen Fliegergruppen in Deutschland hat eine lange Geschichte. 100 Jahre lang, um genau zu sein. 100 Jahre Forschen, Bauen Fliegen. In 100 Jahren kann man schon mal die Welt ver\u00e4ndern. Genau das haben junge Pioniere der Luftfahrt im Rahmen der Institutionen Akaflieg und Idaflieg geschafft. Ihre Geschichte wollen wir aufschreiben.<br><br>Anl\u00e4sslich des 100-j\u00e4hrigen Bestehens der Idaflieg wird derzeit an einem Buch \u00fcber die Akafliegs und ihre Entwicklungen gearbeitet. Es handelt sich um ein Projekt, das vom Arbeitskreis Idaflieggeschichte, aktiven Mitgliedern aller Akafliegs und dem Idaflieg-Vorstand gemeinsam erarbeitet wird.<br><br>Dieses Buch ist nicht nur eine Dokumentation der Prototypen der Akafliegs, sondern erz\u00e4hlt auch die Geschichte der Gruppen, die sie entwickelten, der Akaflieger, die Luftfahrt wie wir sie heute kennen pr\u00e4gten, der Vision\u00e4re, die die Welt ver\u00e4nderten und es weiterhin jeden Tag tun. Die inhaltliche Fertigstellung befindet sich in den Endz\u00fcgen. <\/p>\n\n\n\n<p>Du bist begeistert und m\u00f6chtest das Projekt unterst\u00fctzen? Wir freuen uns \u00fcber eine zweckgebundene Spende. (Spendenquittungen stellen wir auf Wunsch aus.)<\/p>\n<\/div>\n\n\n\n<div class=\"wp-block-column is-layout-flow wp-block-column-is-layout-flow\" style=\"flex-basis:33.33%\">\n<figure class=\"wp-block-image size-large is-resized\"><img loading=\"lazy\" decoding=\"async\" width=\"677\" height=\"838\" src=\"https:\/\/idaflieg.de\/wp-content\/uploads\/2021\/12\/typenbuch_cover_v2-3.png\" alt=\"\" class=\"wp-image-1578\" style=\"width:421px;height:520px\" srcset=\"https:\/\/idaflieg.de\/wp-content\/uploads\/2021\/12\/typenbuch_cover_v2-3.png 677w, https:\/\/idaflieg.de\/wp-content\/uploads\/2021\/12\/typenbuch_cover_v2-3-242x300.png 242w, https:\/\/idaflieg.de\/wp-content\/uploads\/2021\/12\/typenbuch_cover_v2-3-520x644.png 520w, https:\/\/idaflieg.de\/wp-content\/uploads\/2021\/12\/typenbuch_cover_v2-3-360x446.png 360w, https:\/\/idaflieg.de\/wp-content\/uploads\/2021\/12\/typenbuch_cover_v2-3-250x309.png 250w, https:\/\/idaflieg.de\/wp-content\/uploads\/2021\/12\/typenbuch_cover_v2-3-100x124.png 100w, https:\/\/idaflieg.de\/wp-content\/uploads\/2021\/12\/typenbuch_cover_v2-3-600x743.png 600w\" sizes=\"auto, (max-width: 677px) 100vw, 677px\" \/><figcaption class=\"wp-element-caption\">Derzeitiger Entwurf einer m\u00f6glichen Titelseite weiterer Titel: Projekte der Idaflieg<\/figcaption><\/figure>\n<\/div>\n<\/div>\n\n\n\n<p><\/p>\n<\/div>\n<\/div>\n<\/div><\/div>\n\n\n\n<p><\/p>\n","protected":false},"excerpt":{"rendered":"<p>Die Idaflieg als Dachverband der Akademischen Fliegergruppen in Deutschland hat eine lange Geschichte. 100 Jahre lang, um genau zu sein. 100 Jahre Forschen, Bauen Fliegen. In 100 Jahren kann man schon mal die Welt ver\u00e4ndern. Genau das haben junge Pioniere [&hellip;]<\/p>\n","protected":false},"author":13,"featured_media":0,"parent":0,"menu_order":0,"comment_status":"closed","ping_status":"closed","template":"page-templates\/page_fullwidth.php","meta":{"footnotes":""},"class_list":["post-1564","page","type-page","status-publish","hentry","clearfix"],"_links":{"self":[{"href":"https:\/\/idaflieg.de\/index.php?rest_route=\/wp\/v2\/pages\/1564","targetHints":{"allow":["GET"]}}],"collection":[{"href":"https:\/\/idaflieg.de\/index.php?rest_route=\/wp\/v2\/pages"}],"about":[{"href":"https:\/\/idaflieg.de\/index.php?rest_route=\/wp\/v2\/types\/page"}],"author":[{"embeddable":true,"href":"https:\/\/idaflieg.de\/index.php?rest_route=\/wp\/v2\/users\/13"}],"replies":[{"embeddable":true,"href":"https:\/\/idaflieg.de\/index.php?rest_route=%2Fwp%2Fv2%2Fcomments&post=1564"}],"version-history":[{"count":10,"href":"https:\/\/idaflieg.de\/index.php?rest_route=\/wp\/v2\/pages\/1564\/revisions"}],"predecessor-version":[{"id":2416,"href":"https:\/\/idaflieg.de\/index.php?rest_route=\/wp\/v2\/pages\/1564\/revisions\/2416"}],"wp:attachment":[{"href":"https:\/\/idaflieg.de\/index.php?rest_route=%2Fwp%2Fv2%2Fmedia&parent=1564"}],"curies":[{"name":"wp","href":"https:\/\/api.w.org\/{rel}","templated":true}]}}