{"id":369,"date":"2019-06-26T18:25:38","date_gmt":"2019-06-26T17:25:38","guid":{"rendered":"http:\/\/idaflieg.de\/?page_id=369"},"modified":"2026-02-11T19:07:02","modified_gmt":"2026-02-11T19:07:02","slug":"impressum","status":"publish","type":"page","link":"https:\/\/idaflieg.de\/?page_id=369","title":{"rendered":"Imprint"},"content":{"rendered":"<h2>Angaben gem\u00e4\u00df \u00a76 Teledienstgesetz (TDG)<\/h2>\n<h4><i class=\"fa fa-envelope-o\"><\/i> Postanschrift<\/h4>\n<p>Idaflieg c\/o Akaflieg Berlin e.V.<br \/>\nTechnische Universit\u00e4t Berlin<br \/>\nStra\u00dfe des 17. Juni 135<br \/>\n10623 Berlin<\/p>\n<h4><i class=\"fa fa-truck\"><\/i> Lieferanschrift<\/h4>\n<p>Idaflieg c\/o Akaflieg Berlin e.V<br \/>\nInstitut f\u00fcr Luft- und Raumfahrt<br \/>\nMarchstra\u00dfe 12-14<br \/>\n10587\u00a0Berlin<\/p>\n<h4><i class=\"fa fa-phone\"><\/i> Telefon<\/h4>\n<p>+49-30-314 25085 (momentan per Telefon nicht erreichbar)<\/p>\n<h4><i class=\"fa fa-laptop\"><\/i> E-Mail<\/h4>\n<p>vorstand (at) idaflieg.de<\/p>\n<h4><i class=\"fa fa-legal\"><\/i> Rechtliches<\/h4>\n<p>Steuernummer beim Finanzamt f\u00fcr K\u00f6rperschaften I, Berlin Charlottenburg: 27\/668\/57265 Vereinsregistenummer: 31500<\/p>\n<h4><i class=\"fa fa-bank\"><\/i> Bankverbindungen<\/h4>\n<table class=\"table\">\n<tbody>\n<tr>\n<td colspan=\"2\">Interessengemeinschaft Deutscher Akademischer Fliegergruppen e.V<em>.<\/em><\/td>\n<\/tr>\n<tr>\n<td>Bank<\/td>\n<td>Deutsche Bank, Aachen<\/td>\n<\/tr>\n<tr>\n<td>IBAN<\/td>\n<td>DE63 2707 0024 0347 4533 00<\/td>\n<\/tr>\n<tr>\n<td>BIC<\/td>\n<td>DEUTDEDB270<\/td>\n<\/tr>\n<\/tbody>\n<\/table>\n<h4>Vertretungsberechtigte<\/h4>\n<p>Zwei Mitglieder des Vorstandes<\/p>\n<h3>Wir bitten um Beachtung:<\/h3>\n<h4>Urheberrecht<\/h4>\n<p align=\"left\">Der Inhalt dieser Internet-Site geh\u00f6rt zum Eigentum der Interessengemeinschaft deutscher akademischer Fliegergruppen e.V. und ist gesch\u00fctzt. Jeglicher Inhalt auf dieser Internet-Site darf ausschlie\u00dflich f\u00fcr den pers\u00f6nlichen Gebrauch und f\u00fcr nicht-gewerbliche Zwecke \u00fcbernommen und genutzt werden. Dar\u00fcber hinausgehende \u00c4nderungen, Vervielf\u00e4ltigungen, Kopien oder Nutzungen jeglichen Inhaltes dieser Internet-Site sind ohne die schriftliche Einwilligung des Urhebers verboten. Missbrauch wird urheberrechtlich eingeklagt.<\/p>\n<h4>Inhalt<\/h4>\n<p>Die Interessengemeinschaft deutscher akademischer Fliegergruppen e.V. unternimmt gro\u00dfe Anstrengungen, aktuelle und korrekte Informationen auf dieser Internet-Site zur Verf\u00fcgung zu stellen. Die Interessengemeinschaft deutscher akademischer Fliegergruppen e.V. gibt jedoch keine Versicherung, Garantie oder Zusage im Hinblick auf Richtigkeit, Genauigkeit, Aktualit\u00e4t oder Vollst\u00e4ndigkeit der gegebenen Informationen. Die Interessengemeinschaft deutscher akademischer Fliegergruppen e.V. haftet nicht f\u00fcr Sch\u00e4den, die daraus entstanden sind, dass jemand auf die mit dieser Internet-Site zur Verf\u00fcgung gestellten Informationen vertraut hat. Die WWW-Seiten der Interessengemeinschaft deutscher akademischer Fliegergruppen e.V. enthalten auch Informationen, die von Dritten stammen. Sofern m\u00f6glich, wurde stets die Quelle derartiger Informationen angegeben. Meinungen, die darin zum Ausdruck kommen, entsprechen jedoch nicht zwangsl\u00e4ufig denjenigen der Interessengemeinschaft deutscher akademischer Fliegergruppen e.V..<\/p>\n<div>\n<h4>Datenschutz<\/h4>\n<\/div>\n<p>Diese Website benutzt Google Analytics, einen Webanalysedienst der Google Inc. (&#8222;Google&#8220;). Google Analytics verwendet sog. &#8222;Cookies&#8220;, Textdateien, die auf Ihrem Computer gespeichert werden und die eine Analyse der Benutzung der Website durch Sie erm\u00f6glichen. Die durch den Cookie erzeugten Informationen \u00fcber Ihre Benutzung dieser Website werden in der Regel an einen Server von Google in den USA \u00fcbertragen und dort gespeichert.<\/p>\n<p>Im Falle der Aktivierung der IP-Anonymisierung auf dieser Webseite, wird Ihre IP-Adresse von Google jedoch innerhalb von Mitgliedstaaten der Europ\u00e4ischen Union oder in anderen Vertragsstaaten des Abkommens \u00fcber den Europ\u00e4ischen Wirtschaftsraum zuvor gek\u00fcrzt. Nur in Ausnahmef\u00e4llen wird die volle IP-Adresse an einen Server von Google in den USA \u00fcbertragen und dort gek\u00fcrzt. Die IP-Anonymisierung ist auf dieser Website aktiv. Im Auftrag des Betreibers dieser Website wird Google diese Informationen benutzen, um Ihre Nutzung der Website auszuwerten, um Reports \u00fcber die Websiteaktivit\u00e4ten zusammenzustellen und um weitere mit der Websitenutzung und der Internetnutzung verbundene Dienstleistungen gegen\u00fcber dem Websitebetreiber zu erbringen.<\/p>\n<p>Wir verarbeiten die Daten aller Besucher dieser Website entsprechend Art. 6 Abs. 1 lit. b. DSGVO.<\/p>\n<h2><a href=\"https:\/\/idaflieg.de\/?page_id=855\">Spreadshirt Shop<\/a><\/h2>\n","protected":false},"excerpt":{"rendered":"<p>Angaben gem\u00e4\u00df \u00a76 Teledienstgesetz (TDG) Postanschrift Idaflieg c\/o Akaflieg Berlin e.V. Technische Universit\u00e4t Berlin Stra\u00dfe des 17. Juni 135 10623 Berlin Lieferanschrift Idaflieg c\/o Akaflieg Berlin e.V Institut f\u00fcr Luft- und Raumfahrt Marchstra\u00dfe 12-14 10587\u00a0Berlin Telefon +49-30-314 25085 (momentan per [&hellip;]<\/p>\n","protected":false},"author":2,"featured_media":0,"parent":0,"menu_order":0,"comment_status":"closed","ping_status":"closed","template":"","meta":{"footnotes":""},"class_list":["post-369","page","type-page","status-publish","hentry","clearfix"],"_links":{"self":[{"href":"https:\/\/idaflieg.de\/index.php?rest_route=\/wp\/v2\/pages\/369","targetHints":{"allow":["GET"]}}],"collection":[{"href":"https:\/\/idaflieg.de\/index.php?rest_route=\/wp\/v2\/pages"}],"about":[{"href":"https:\/\/idaflieg.de\/index.php?rest_route=\/wp\/v2\/types\/page"}],"author":[{"embeddable":true,"href":"https:\/\/idaflieg.de\/index.php?rest_route=\/wp\/v2\/users\/2"}],"replies":[{"embeddable":true,"href":"https:\/\/idaflieg.de\/index.php?rest_route=%2Fwp%2Fv2%2Fcomments&post=369"}],"version-history":[{"count":9,"href":"https:\/\/idaflieg.de\/index.php?rest_route=\/wp\/v2\/pages\/369\/revisions"}],"predecessor-version":[{"id":2498,"href":"https:\/\/idaflieg.de\/index.php?rest_route=\/wp\/v2\/pages\/369\/revisions\/2498"}],"wp:attachment":[{"href":"https:\/\/idaflieg.de\/index.php?rest_route=%2Fwp%2Fv2%2Fmedia&parent=369"}],"curies":[{"name":"wp","href":"https:\/\/api.w.org\/{rel}","templated":true}]}}