{"id":86,"date":"2016-02-16T14:40:03","date_gmt":"2016-02-16T14:40:03","guid":{"rendered":"http:\/\/demo.athemes.com\/astrid\/?page_id=86"},"modified":"2019-07-24T19:45:16","modified_gmt":"2019-07-24T18:45:16","slug":"service-2","status":"publish","type":"page","link":"https:\/\/idaflieg.de\/?page_id=86","title":{"rendered":"Geschichte"},"content":{"rendered":"\n<p>Die Akafliegs, eine Kurzform f\u00fcr Akademische Fliegergruppen, k\u00f6nnen auf eine lange und erfolgreiche Geschichte zur\u00fcckblicken. Die ersten Akafliegs entstanden in den 20er- Jahren und schon 1922 wurde dann ein Dachverband, die Idaflieg, gegr\u00fcndet. Sie waren bei der Entstehung der Fliegerei nicht nur dabei, sondern haben ma\u00dfgeblich daran mitgewirkt und eigene neue Flugzeuge entwickelt. Nicht wenige Pioniere der Luftfahrt konstruierten ihr erstes Flugzeug in einer Akaflieg.<span class=\"Apple-converted-space\">&nbsp;<\/span><\/p>\n\n\n\n<div class=\"wp-block-image wp-image-429\"><figure class=\"aligncenter is-resized\"><img loading=\"lazy\" decoding=\"async\" src=\"http:\/\/idaflieg.de\/wp-content\/uploads\/2019\/07\/altesflugzeug-1-300x95.jpg\" alt=\"\" class=\"wp-image-429\" width=\"480\" height=\"152\" srcset=\"https:\/\/idaflieg.de\/wp-content\/uploads\/2019\/07\/altesflugzeug-1-300x95.jpg 300w, https:\/\/idaflieg.de\/wp-content\/uploads\/2019\/07\/altesflugzeug-1-600x190.jpg 600w, https:\/\/idaflieg.de\/wp-content\/uploads\/2019\/07\/altesflugzeug-1-768x243.jpg 768w, https:\/\/idaflieg.de\/wp-content\/uploads\/2019\/07\/altesflugzeug-1-700x221.jpg 700w, https:\/\/idaflieg.de\/wp-content\/uploads\/2019\/07\/altesflugzeug-1-520x164.jpg 520w, https:\/\/idaflieg.de\/wp-content\/uploads\/2019\/07\/altesflugzeug-1-360x114.jpg 360w, https:\/\/idaflieg.de\/wp-content\/uploads\/2019\/07\/altesflugzeug-1-250x79.jpg 250w, https:\/\/idaflieg.de\/wp-content\/uploads\/2019\/07\/altesflugzeug-1-100x32.jpg 100w, https:\/\/idaflieg.de\/wp-content\/uploads\/2019\/07\/altesflugzeug-1.jpg 1085w\" sizes=\"auto, (max-width: 480px) 100vw, 480px\" \/><figcaption>Gummiseilstarts der Idaflieg auf der Wasserkuppe<\/figcaption><\/figure><\/div>\n\n\n\n<p>Seitdem sind in den Werkst\u00e4tten unter der Hand von engagierten Studenten \u00fcber 90 Prototypen entstanden. Einige der Entwicklungen be- wirkten ausschlaggebende Anst\u00f6\u00dfe im Flugzeugbau.<\/p>\n\n\n\n<p>Ein Paradebeispiel daf\u00fcr ist die fs24 \u201ePh\u00f6nix\u201c der Akaflieg Stuttgart. Es war das erste Flugzeug weltweit, welches vollst\u00e4ndig aus glasfaser- verst\u00e4rktem Kunststoff gebaut wurde. Genauso wie die SB 10 der Akaflieg Braunschweig, bei der erstmals die Kohlefaserbauweise zum Einsatz kam.<span class=\"Apple-converted-space\">&nbsp;<\/span><\/p>\n\n\n\n<div class=\"wp-block-image\"><figure class=\"alignright is-resized\"><img loading=\"lazy\" decoding=\"async\" src=\"http:\/\/idaflieg.de\/wp-content\/uploads\/2019\/07\/fs24-2-300x219.jpg\" alt=\"\" class=\"wp-image-443\" width=\"339\" height=\"247\" srcset=\"https:\/\/idaflieg.de\/wp-content\/uploads\/2019\/07\/fs24-2-300x219.jpg 300w, https:\/\/idaflieg.de\/wp-content\/uploads\/2019\/07\/fs24-2-600x437.jpg 600w, https:\/\/idaflieg.de\/wp-content\/uploads\/2019\/07\/fs24-2-768x559.jpg 768w, https:\/\/idaflieg.de\/wp-content\/uploads\/2019\/07\/fs24-2-700x510.jpg 700w, https:\/\/idaflieg.de\/wp-content\/uploads\/2019\/07\/fs24-2-520x379.jpg 520w, https:\/\/idaflieg.de\/wp-content\/uploads\/2019\/07\/fs24-2-360x262.jpg 360w, https:\/\/idaflieg.de\/wp-content\/uploads\/2019\/07\/fs24-2-250x182.jpg 250w, https:\/\/idaflieg.de\/wp-content\/uploads\/2019\/07\/fs24-2-100x73.jpg 100w, https:\/\/idaflieg.de\/wp-content\/uploads\/2019\/07\/fs24-2.jpg 2000w\" sizes=\"auto, (max-width: 339px) 100vw, 339px\" \/><figcaption>Die fs24 der Akaflieg Stuttgart<\/figcaption><\/figure><\/div>\n\n\n\n<p>Nicht alle Prototypen waren Vorreiter f\u00fcr den kommerziellen Flugzeugbau. Daf\u00fcr sind ihre Konzepte umso interessanter. Denn die St\u00e4rke der Akafliegs liegt darin, dass sie unabh\u00e4ngig von der wirtschaftlichen Nachfrage sind und somit Entw\u00fcrfe umsetzen k\u00f6nnen, die beispielsweise f\u00fcr einen Segelflugzeughersteller finanziell zu riskant w\u00e4ren.<span class=\"Apple-converted-space\">&nbsp;<\/span><\/p>\n\n\n\n<p>Die Akafliegs sind weltweit einzigartige Institutionen, welche in diesem Ausma\u00df nur in Deutschland existieren. All ihre Mitglieder verbindet die Leidenschaft f\u00fcr die Luftfahrt. Aus diesem Grund investieren die Studenten den Gro\u00dfteil ihrer Freizeit neben dem Studium mit Freude in ihre Projekte.<span class=\"Apple-converted-space\">&nbsp;<\/span><\/p>\n\n\n\n<div class=\"wp-block-image\"><figure class=\"aligncenter\"><img loading=\"lazy\" decoding=\"async\" width=\"578\" height=\"380\" src=\"http:\/\/idaflieg.de\/wp-content\/uploads\/2019\/07\/sb10.png\" alt=\"\" class=\"wp-image-445\" srcset=\"https:\/\/idaflieg.de\/wp-content\/uploads\/2019\/07\/sb10.png 578w, https:\/\/idaflieg.de\/wp-content\/uploads\/2019\/07\/sb10-300x197.png 300w, https:\/\/idaflieg.de\/wp-content\/uploads\/2019\/07\/sb10-520x342.png 520w, https:\/\/idaflieg.de\/wp-content\/uploads\/2019\/07\/sb10-360x237.png 360w, https:\/\/idaflieg.de\/wp-content\/uploads\/2019\/07\/sb10-250x164.png 250w, https:\/\/idaflieg.de\/wp-content\/uploads\/2019\/07\/sb10-100x66.png 100w\" sizes=\"auto, (max-width: 578px) 100vw, 578px\" \/><figcaption>Die Sb10 der Akaflieg Braunschweig<\/figcaption><\/figure><\/div>\n\n\n\n<p><\/p>\n","protected":false},"excerpt":{"rendered":"<p>Die Akafliegs, eine Kurzform f\u00fcr Akademische Fliegergruppen, k\u00f6nnen auf eine lange und erfolgreiche Geschichte zur\u00fcckblicken. Die ersten Akafliegs entstanden in den 20er- Jahren und schon 1922 wurde dann ein Dachverband, die Idaflieg, gegr\u00fcndet. Sie waren bei der Entstehung der Fliegerei [&hellip;]<\/p>\n","protected":false},"author":2,"featured_media":0,"parent":0,"menu_order":0,"comment_status":"closed","ping_status":"closed","template":"page-templates\/single-service.php","meta":{"footnotes":""},"class_list":["post-86","page","type-page","status-publish","hentry","clearfix"],"_links":{"self":[{"href":"https:\/\/idaflieg.de\/index.php?rest_route=\/wp\/v2\/pages\/86","targetHints":{"allow":["GET"]}}],"collection":[{"href":"https:\/\/idaflieg.de\/index.php?rest_route=\/wp\/v2\/pages"}],"about":[{"href":"https:\/\/idaflieg.de\/index.php?rest_route=\/wp\/v2\/types\/page"}],"author":[{"embeddable":true,"href":"https:\/\/idaflieg.de\/index.php?rest_route=\/wp\/v2\/users\/2"}],"replies":[{"embeddable":true,"href":"https:\/\/idaflieg.de\/index.php?rest_route=%2Fwp%2Fv2%2Fcomments&post=86"}],"version-history":[{"count":9,"href":"https:\/\/idaflieg.de\/index.php?rest_route=\/wp\/v2\/pages\/86\/revisions"}],"predecessor-version":[{"id":448,"href":"https:\/\/idaflieg.de\/index.php?rest_route=\/wp\/v2\/pages\/86\/revisions\/448"}],"wp:attachment":[{"href":"https:\/\/idaflieg.de\/index.php?rest_route=%2Fwp%2Fv2%2Fmedia&parent=86"}],"curies":[{"name":"wp","href":"https:\/\/api.w.org\/{rel}","templated":true}]}}